{"id":1534,"date":"2024-12-11T15:38:18","date_gmt":"2024-12-11T14:38:18","guid":{"rendered":"https:\/\/elleci.piuinternet.it\/zertifizierungen\/"},"modified":"2025-01-14T09:35:18","modified_gmt":"2025-01-14T08:35:18","slug":"zertifizierungen","status":"publish","type":"page","link":"https:\/\/elleci.biz\/de\/zertifizierungen\/","title":{"rendered":"Zertifizierungen"},"content":{"rendered":"\t\t<div data-elementor-type=\"wp-page\" data-elementor-id=\"1534\" class=\"elementor elementor-1534 elementor-1075\" data-elementor-post-type=\"page\">\n\t\t\t\t<div class=\"elementor-element elementor-element-23ca812 e-con-full e-flex e-con e-parent\" data-id=\"23ca812\" data-element_type=\"container\" data-e-type=\"container\" data-settings=\"{&quot;background_background&quot;:&quot;slideshow&quot;,&quot;background_slideshow_gallery&quot;:[{&quot;id&quot;:21,&quot;url&quot;:&quot;https:\\\/\\\/elleci.biz\\\/wp-content\\\/uploads\\\/2024\\\/12\\\/MG_0817.jpg&quot;},{&quot;id&quot;:20,&quot;url&quot;:&quot;https:\\\/\\\/elleci.biz\\\/wp-content\\\/uploads\\\/2024\\\/12\\\/MG_0813.jpg&quot;}],&quot;background_slideshow_ken_burns&quot;:&quot;yes&quot;,&quot;background_slideshow_loop&quot;:&quot;yes&quot;,&quot;background_slideshow_slide_duration&quot;:5000,&quot;background_slideshow_slide_transition&quot;:&quot;fade&quot;,&quot;background_slideshow_transition_duration&quot;:500,&quot;background_slideshow_ken_burns_zoom_direction&quot;:&quot;in&quot;}\">\n\t\t\t\t<div class=\"elementor-element elementor-element-2eb636c elementor-widget__width-initial elementor-invisible elementor-widget elementor-widget-heading\" data-id=\"2eb636c\" data-element_type=\"widget\" data-e-type=\"widget\" data-settings=\"{&quot;_animation&quot;:&quot;slideInUp&quot;}\" data-widget_type=\"heading.default\">\n\t\t\t\t<div class=\"elementor-widget-container\">\n\t\t\t\t\t<h3 class=\"elementor-heading-title elementor-size-default\">Zertifizierungen<\/h3>\t\t\t\t<\/div>\n\t\t\t\t<\/div>\n\t\t\t\t<div class=\"elementor-element elementor-element-c02b671 elementor-widget elementor-widget-breadcrumbs\" data-id=\"c02b671\" data-element_type=\"widget\" data-e-type=\"widget\" data-widget_type=\"breadcrumbs.default\">\n\t\t\t\t<div class=\"elementor-widget-container\">\n\t\t\t\t\t<p id=\"breadcrumbs\"><span><span><a href=\"https:\/\/elleci.biz\/de\/\">Home<\/a><\/span><\/span><\/p>\t\t\t\t<\/div>\n\t\t\t\t<\/div>\n\t\t\t\t<\/div>\n\t\t<div class=\"elementor-element elementor-element-fc33e93 e-con-full e-flex e-con e-parent\" data-id=\"fc33e93\" data-element_type=\"container\" data-e-type=\"container\" data-settings=\"{&quot;background_background&quot;:&quot;classic&quot;}\">\n\t\t<div class=\"elementor-element elementor-element-086632c e-con-full e-flex e-con e-child\" data-id=\"086632c\" data-element_type=\"container\" data-e-type=\"container\">\n\t\t<div class=\"elementor-element elementor-element-acba132 e-con-full e-flex e-con e-child\" data-id=\"acba132\" data-element_type=\"container\" data-e-type=\"container\">\n\t\t\t\t<div class=\"elementor-element elementor-element-074480a elementor-widget__width-initial elementor-invisible elementor-widget elementor-widget-heading\" data-id=\"074480a\" data-element_type=\"widget\" data-e-type=\"widget\" data-settings=\"{&quot;_animation&quot;:&quot;slideInDown&quot;}\" data-widget_type=\"heading.default\">\n\t\t\t\t<div class=\"elementor-widget-container\">\n\t\t\t\t\t<h1 class=\"elementor-heading-title elementor-size-default\">FSC-Zertifizierung<\/h1>\t\t\t\t<\/div>\n\t\t\t\t<\/div>\n\t\t\t\t<div class=\"elementor-element elementor-element-75f9c0f elementor-widget__width-initial elementor-invisible elementor-widget elementor-widget-text-editor\" data-id=\"75f9c0f\" data-element_type=\"widget\" data-e-type=\"widget\" data-settings=\"{&quot;_animation&quot;:&quot;slideInDown&quot;}\" data-widget_type=\"text-editor.default\">\n\t\t\t\t<div class=\"elementor-widget-container\">\n\t\t\t\t\t\t\t\t\t<p>LC CASSETTI deckt mit seiner Produktion verschiedene Bereiche von Halbfertigprodukten f\u00fcr die M\u00f6belindustrie ab, die mit der FSC-Zertifizierung auf Nachhaltigkeit und Zukunft ausgerichtet sind.<\/p>\n<p>Die <strong>FSC-Zertifizierung (Forest Stewardship Council)<\/strong> garantiert, dass unsere Holzprodukte aus Quellen stammen, die hohe Standards der \u00f6kologischen, sozialen und wirtschaftlichen Nachhaltigkeit erf\u00fcllen.<\/p>\n\t\t\t\t\t\t\t\t<\/div>\n\t\t\t\t<\/div>\n\t\t\t\t<\/div>\n\t\t<div class=\"elementor-element elementor-element-08ec12e e-con-full e-flex e-con e-child\" data-id=\"08ec12e\" data-element_type=\"container\" data-e-type=\"container\" data-settings=\"{&quot;background_background&quot;:&quot;classic&quot;}\">\n\t\t\t\t<div class=\"elementor-element elementor-element-3639901 elementor-widget elementor-widget-image\" data-id=\"3639901\" data-element_type=\"widget\" data-e-type=\"widget\" data-widget_type=\"image.default\">\n\t\t\t\t<div class=\"elementor-widget-container\">\n\t\t\t\t\t\t\t\t\t\t\t\t\t\t\t<img fetchpriority=\"high\" decoding=\"async\" width=\"800\" height=\"800\" src=\"https:\/\/elleci.biz\/wp-content\/uploads\/2024\/12\/FSC-LC-Cassetti-1-1024x1024.png\" class=\"attachment-large size-large wp-image-1449\" alt=\"\" srcset=\"https:\/\/elleci.biz\/wp-content\/uploads\/2024\/12\/FSC-LC-Cassetti-1-1024x1024.png 1024w, https:\/\/elleci.biz\/wp-content\/uploads\/2024\/12\/FSC-LC-Cassetti-1-300x300.png 300w, https:\/\/elleci.biz\/wp-content\/uploads\/2024\/12\/FSC-LC-Cassetti-1-150x150.png 150w, https:\/\/elleci.biz\/wp-content\/uploads\/2024\/12\/FSC-LC-Cassetti-1-768x768.png 768w, https:\/\/elleci.biz\/wp-content\/uploads\/2024\/12\/FSC-LC-Cassetti-1.png 1080w\" sizes=\"(max-width: 800px) 100vw, 800px\" \/>\t\t\t\t\t\t\t\t\t\t\t\t\t\t\t<\/div>\n\t\t\t\t<\/div>\n\t\t\t\t<div class=\"elementor-element elementor-element-525dbd6 elementor-align-center elementor-widget elementor-widget-button\" data-id=\"525dbd6\" data-element_type=\"widget\" data-e-type=\"widget\" data-widget_type=\"button.default\">\n\t\t\t\t<div class=\"elementor-widget-container\">\n\t\t\t\t\t\t\t\t\t<div class=\"elementor-button-wrapper\">\n\t\t\t\t\t<a class=\"elementor-button elementor-button-link elementor-size-sm\" href=\"https:\/\/elleci.biz\/wp-content\/uploads\/2025\/01\/Attestato_FSC_L_C_Cassetti.pdf\" target=\"_blank\">\n\t\t\t\t\t\t<span class=\"elementor-button-content-wrapper\">\n\t\t\t\t\t\t<span class=\"elementor-button-icon\">\n\t\t\t\t<svg aria-hidden=\"true\" class=\"e-font-icon-svg e-far-file-pdf\" viewBox=\"0 0 384 512\" xmlns=\"http:\/\/www.w3.org\/2000\/svg\"><path d=\"M369.9 97.9L286 14C277 5 264.8-.1 252.1-.1H48C21.5 0 0 21.5 0 48v416c0 26.5 21.5 48 48 48h288c26.5 0 48-21.5 48-48V131.9c0-12.7-5.1-25-14.1-34zM332.1 128H256V51.9l76.1 76.1zM48 464V48h160v104c0 13.3 10.7 24 24 24h104v288H48zm250.2-143.7c-12.2-12-47-8.7-64.4-6.5-17.2-10.5-28.7-25-36.8-46.3 3.9-16.1 10.1-40.6 5.4-56-4.2-26.2-37.8-23.6-42.6-5.9-4.4 16.1-.4 38.5 7 67.1-10 23.9-24.9 56-35.4 74.4-20 10.3-47 26.2-51 46.2-3.3 15.8 26 55.2 76.1-31.2 22.4-7.4 46.8-16.5 68.4-20.1 18.9 10.2 41 17 55.8 17 25.5 0 28-28.2 17.5-38.7zm-198.1 77.8c5.1-13.7 24.5-29.5 30.4-35-19 30.3-30.4 35.7-30.4 35zm81.6-190.6c7.4 0 6.7 32.1 1.8 40.8-4.4-13.9-4.3-40.8-1.8-40.8zm-24.4 136.6c9.7-16.9 18-37 24.7-54.7 8.3 15.1 18.9 27.2 30.1 35.5-20.8 4.3-38.9 13.1-54.8 19.2zm131.6-5s-5 6-37.3-7.8c35.1-2.6 40.9 5.4 37.3 7.8z\"><\/path><\/svg>\t\t\t<\/span>\n\t\t\t\t\t\t\t\t\t<span class=\"elementor-button-text\">herunterladen<\/span>\n\t\t\t\t\t<\/span>\n\t\t\t\t\t<\/a>\n\t\t\t\t<\/div>\n\t\t\t\t\t\t\t\t<\/div>\n\t\t\t\t<\/div>\n\t\t\t\t<\/div>\n\t\t\t\t<\/div>\n\t\t\t\t<\/div>\n\t\t<div class=\"elementor-element elementor-element-5771116c e-flex e-con-boxed e-con e-parent\" data-id=\"5771116c\" data-element_type=\"container\" data-e-type=\"container\" data-settings=\"{&quot;background_background&quot;:&quot;classic&quot;}\">\n\t\t\t\t\t<div class=\"e-con-inner\">\n\t\t<div class=\"elementor-element elementor-element-7583c230 e-con-full animated-slow e-flex elementor-invisible e-con e-child\" data-id=\"7583c230\" data-element_type=\"container\" data-e-type=\"container\" data-settings=\"{&quot;animation&quot;:&quot;slideInUp&quot;}\">\n\t\t<div class=\"elementor-element elementor-element-5242424f e-con-full e-flex e-con e-child\" data-id=\"5242424f\" data-element_type=\"container\" data-e-type=\"container\" data-settings=\"{&quot;background_background&quot;:&quot;classic&quot;}\">\n\t\t\t\t<div class=\"elementor-element elementor-element-4824670b elementor-widget__width-initial elementor-invisible elementor-widget elementor-widget-heading\" data-id=\"4824670b\" data-element_type=\"widget\" data-e-type=\"widget\" data-settings=\"{&quot;_animation&quot;:&quot;slideInDown&quot;}\" data-widget_type=\"heading.default\">\n\t\t\t\t<div class=\"elementor-widget-container\">\n\t\t\t\t\t<h2 class=\"elementor-heading-title elementor-size-default\">Kontakt<\/h2>\t\t\t\t<\/div>\n\t\t\t\t<\/div>\n\t\t\t\t<div class=\"elementor-element elementor-element-31d32fc0 elementor-widget__width-initial elementor-invisible elementor-widget elementor-widget-text-editor\" data-id=\"31d32fc0\" data-element_type=\"widget\" data-e-type=\"widget\" data-settings=\"{&quot;_animation&quot;:&quot;slideInDown&quot;}\" data-widget_type=\"text-editor.default\">\n\t\t\t\t<div class=\"elementor-widget-container\">\n\t\t\t\t\t\t\t\t\t<p>Sie suchen nach Standard- oder ma\u00dfgeschneiderten Schubladen f\u00fcr Ihr Projekt? Nehmen Sie jetzt Kontakt mit uns auf und erhalten Sie eine individuelle Beratung, die Ihren Bed\u00fcrfnissen entspricht.<\/p>\n\t\t\t\t\t\t\t\t<\/div>\n\t\t\t\t<\/div>\n\t\t\t\t<div class=\"elementor-element elementor-element-c1d09e3 elementor-invisible elementor-widget elementor-widget-button\" data-id=\"c1d09e3\" data-element_type=\"widget\" data-e-type=\"widget\" data-settings=\"{&quot;_animation&quot;:&quot;slideInDown&quot;}\" data-widget_type=\"button.default\">\n\t\t\t\t<div class=\"elementor-widget-container\">\n\t\t\t\t\t\t\t\t\t<div class=\"elementor-button-wrapper\">\n\t\t\t\t\t<a class=\"elementor-button elementor-button-link elementor-size-sm\" href=\"https:\/\/elleci.biz\/de\/kontakt\/\">\n\t\t\t\t\t\t<span class=\"elementor-button-content-wrapper\">\n\t\t\t\t\t\t\t\t\t<span class=\"elementor-button-text\">Kontakt<\/span>\n\t\t\t\t\t<\/span>\n\t\t\t\t\t<\/a>\n\t\t\t\t<\/div>\n\t\t\t\t\t\t\t\t<\/div>\n\t\t\t\t<\/div>\n\t\t\t\t<\/div>\n\t\t\t\t<\/div>\n\t\t\t\t\t<\/div>\n\t\t\t\t<\/div>\n\t\t\t\t<\/div>\n\t\t","protected":false},"excerpt":{"rendered":"<p>Zertifizierungen FSC-Zertifizierung LC CASSETTI deckt mit seiner Produktion verschiedene Bereiche von Halbfertigprodukten f\u00fcr die M\u00f6belindustrie ab, die mit der FSC-Zertifizierung auf Nachhaltigkeit und Zukunft ausgerichtet sind. Die FSC-Zertifizierung (Forest Stewardship Council) garantiert, dass unsere Holzprodukte aus Quellen stammen, die hohe Standards der \u00f6kologischen, sozialen und wirtschaftlichen Nachhaltigkeit erf\u00fcllen. herunterladen Kontakt Sie suchen nach Standard- oder [&hellip;]<\/p>\n","protected":false},"author":1,"featured_media":0,"parent":0,"menu_order":0,"comment_status":"closed","ping_status":"closed","template":"elementor_header_footer","meta":{"footnotes":""},"class_list":["post-1534","page","type-page","status-publish","hentry"],"yoast_head":"<!-- This site is optimized with the Yoast SEO plugin v27.3 - https:\/\/yoast.com\/product\/yoast-seo-wordpress\/ -->\n<title>FSC-Zertifizierung<\/title>\n<meta name=\"description\" content=\"Unser Unternehmen ist in der Produktion von Halbfertigprodukten mit FSC-Zertifizierung f\u00fcr Forst- und Holzprodukte t\u00e4tig\" \/>\n<meta name=\"robots\" content=\"index, follow, max-snippet:-1, max-image-preview:large, max-video-preview:-1\" \/>\n<link rel=\"canonical\" href=\"https:\/\/elleci.biz\/de\/zertifizierungen\/\" \/>\n<meta property=\"og:locale\" content=\"de_DE\" \/>\n<meta property=\"og:type\" content=\"article\" \/>\n<meta property=\"og:title\" content=\"FSC-Zertifizierung\" \/>\n<meta property=\"og:description\" content=\"Unser Unternehmen ist in der Produktion von Halbfertigprodukten mit FSC-Zertifizierung f\u00fcr Forst- und Holzprodukte t\u00e4tig\" \/>\n<meta property=\"og:url\" content=\"https:\/\/elleci.biz\/de\/zertifizierungen\/\" \/>\n<meta property=\"og:site_name\" content=\"L C Cassetti S.r.l.\" \/>\n<meta property=\"article:modified_time\" content=\"2025-01-14T08:35:18+00:00\" \/>\n<meta property=\"og:image\" content=\"https:\/\/elleci.piuinternet.it\/wp-content\/uploads\/2024\/12\/FSC-LC-Cassetti-1-1024x1024.png\" \/>\n<meta name=\"twitter:card\" content=\"summary_large_image\" \/>\n<script type=\"application\/ld+json\" class=\"yoast-schema-graph\">{\"@context\":\"https:\\\/\\\/schema.org\",\"@graph\":[{\"@type\":\"WebPage\",\"@id\":\"https:\\\/\\\/elleci.biz\\\/de\\\/zertifizierungen\\\/\",\"url\":\"https:\\\/\\\/elleci.biz\\\/de\\\/zertifizierungen\\\/\",\"name\":\"FSC-Zertifizierung\",\"isPartOf\":{\"@id\":\"https:\\\/\\\/elleci.biz\\\/de\\\/#website\"},\"primaryImageOfPage\":{\"@id\":\"https:\\\/\\\/elleci.biz\\\/de\\\/zertifizierungen\\\/#primaryimage\"},\"image\":{\"@id\":\"https:\\\/\\\/elleci.biz\\\/de\\\/zertifizierungen\\\/#primaryimage\"},\"thumbnailUrl\":\"https:\\\/\\\/elleci.piuinternet.it\\\/wp-content\\\/uploads\\\/2024\\\/12\\\/FSC-LC-Cassetti-1-1024x1024.png\",\"datePublished\":\"2024-12-11T14:38:18+00:00\",\"dateModified\":\"2025-01-14T08:35:18+00:00\",\"description\":\"Unser Unternehmen ist in der Produktion von Halbfertigprodukten mit FSC-Zertifizierung f\u00fcr Forst- und Holzprodukte t\u00e4tig\",\"breadcrumb\":{\"@id\":\"https:\\\/\\\/elleci.biz\\\/de\\\/zertifizierungen\\\/#breadcrumb\"},\"inLanguage\":\"de\",\"potentialAction\":[{\"@type\":\"ReadAction\",\"target\":[\"https:\\\/\\\/elleci.biz\\\/de\\\/zertifizierungen\\\/\"]}]},{\"@type\":\"ImageObject\",\"inLanguage\":\"de\",\"@id\":\"https:\\\/\\\/elleci.biz\\\/de\\\/zertifizierungen\\\/#primaryimage\",\"url\":\"https:\\\/\\\/elleci.piuinternet.it\\\/wp-content\\\/uploads\\\/2024\\\/12\\\/FSC-LC-Cassetti-1-1024x1024.png\",\"contentUrl\":\"https:\\\/\\\/elleci.piuinternet.it\\\/wp-content\\\/uploads\\\/2024\\\/12\\\/FSC-LC-Cassetti-1-1024x1024.png\"},{\"@type\":\"BreadcrumbList\",\"@id\":\"https:\\\/\\\/elleci.biz\\\/de\\\/zertifizierungen\\\/#breadcrumb\",\"itemListElement\":[{\"@type\":\"ListItem\",\"position\":1,\"name\":\"Home\",\"item\":\"https:\\\/\\\/elleci.biz\\\/de\\\/\"},{\"@type\":\"ListItem\",\"position\":2,\"name\":\"Zertifizierungen\"}]},{\"@type\":\"WebSite\",\"@id\":\"https:\\\/\\\/elleci.biz\\\/de\\\/#website\",\"url\":\"https:\\\/\\\/elleci.biz\\\/de\\\/\",\"name\":\"L C Cassetti S.r.l.\",\"description\":\"\",\"publisher\":{\"@id\":\"https:\\\/\\\/elleci.biz\\\/de\\\/#organization\"},\"potentialAction\":[{\"@type\":\"SearchAction\",\"target\":{\"@type\":\"EntryPoint\",\"urlTemplate\":\"https:\\\/\\\/elleci.biz\\\/de\\\/?s={search_term_string}\"},\"query-input\":{\"@type\":\"PropertyValueSpecification\",\"valueRequired\":true,\"valueName\":\"search_term_string\"}}],\"inLanguage\":\"de\"},{\"@type\":\"Organization\",\"@id\":\"https:\\\/\\\/elleci.biz\\\/de\\\/#organization\",\"name\":\"L C Cassetti S.r.l.\",\"url\":\"https:\\\/\\\/elleci.biz\\\/de\\\/\",\"logo\":{\"@type\":\"ImageObject\",\"inLanguage\":\"de\",\"@id\":\"https:\\\/\\\/elleci.biz\\\/de\\\/#\\\/schema\\\/logo\\\/image\\\/\",\"url\":\"https:\\\/\\\/elleci.biz\\\/wp-content\\\/uploads\\\/2024\\\/12\\\/logo.png\",\"contentUrl\":\"https:\\\/\\\/elleci.biz\\\/wp-content\\\/uploads\\\/2024\\\/12\\\/logo.png\",\"width\":584,\"height\":298,\"caption\":\"L C Cassetti S.r.l.\"},\"image\":{\"@id\":\"https:\\\/\\\/elleci.biz\\\/de\\\/#\\\/schema\\\/logo\\\/image\\\/\"}}]}<\/script>\n<!-- \/ Yoast SEO plugin. -->","yoast_head_json":{"title":"FSC-Zertifizierung","description":"Unser Unternehmen ist in der Produktion von Halbfertigprodukten mit FSC-Zertifizierung f\u00fcr Forst- und Holzprodukte t\u00e4tig","robots":{"index":"index","follow":"follow","max-snippet":"max-snippet:-1","max-image-preview":"max-image-preview:large","max-video-preview":"max-video-preview:-1"},"canonical":"https:\/\/elleci.biz\/de\/zertifizierungen\/","og_locale":"de_DE","og_type":"article","og_title":"FSC-Zertifizierung","og_description":"Unser Unternehmen ist in der Produktion von Halbfertigprodukten mit FSC-Zertifizierung f\u00fcr Forst- und Holzprodukte t\u00e4tig","og_url":"https:\/\/elleci.biz\/de\/zertifizierungen\/","og_site_name":"L C Cassetti S.r.l.","article_modified_time":"2025-01-14T08:35:18+00:00","og_image":[{"url":"https:\/\/elleci.piuinternet.it\/wp-content\/uploads\/2024\/12\/FSC-LC-Cassetti-1-1024x1024.png","type":"","width":"","height":""}],"twitter_card":"summary_large_image","schema":{"@context":"https:\/\/schema.org","@graph":[{"@type":"WebPage","@id":"https:\/\/elleci.biz\/de\/zertifizierungen\/","url":"https:\/\/elleci.biz\/de\/zertifizierungen\/","name":"FSC-Zertifizierung","isPartOf":{"@id":"https:\/\/elleci.biz\/de\/#website"},"primaryImageOfPage":{"@id":"https:\/\/elleci.biz\/de\/zertifizierungen\/#primaryimage"},"image":{"@id":"https:\/\/elleci.biz\/de\/zertifizierungen\/#primaryimage"},"thumbnailUrl":"https:\/\/elleci.piuinternet.it\/wp-content\/uploads\/2024\/12\/FSC-LC-Cassetti-1-1024x1024.png","datePublished":"2024-12-11T14:38:18+00:00","dateModified":"2025-01-14T08:35:18+00:00","description":"Unser Unternehmen ist in der Produktion von Halbfertigprodukten mit FSC-Zertifizierung f\u00fcr Forst- und Holzprodukte t\u00e4tig","breadcrumb":{"@id":"https:\/\/elleci.biz\/de\/zertifizierungen\/#breadcrumb"},"inLanguage":"de","potentialAction":[{"@type":"ReadAction","target":["https:\/\/elleci.biz\/de\/zertifizierungen\/"]}]},{"@type":"ImageObject","inLanguage":"de","@id":"https:\/\/elleci.biz\/de\/zertifizierungen\/#primaryimage","url":"https:\/\/elleci.piuinternet.it\/wp-content\/uploads\/2024\/12\/FSC-LC-Cassetti-1-1024x1024.png","contentUrl":"https:\/\/elleci.piuinternet.it\/wp-content\/uploads\/2024\/12\/FSC-LC-Cassetti-1-1024x1024.png"},{"@type":"BreadcrumbList","@id":"https:\/\/elleci.biz\/de\/zertifizierungen\/#breadcrumb","itemListElement":[{"@type":"ListItem","position":1,"name":"Home","item":"https:\/\/elleci.biz\/de\/"},{"@type":"ListItem","position":2,"name":"Zertifizierungen"}]},{"@type":"WebSite","@id":"https:\/\/elleci.biz\/de\/#website","url":"https:\/\/elleci.biz\/de\/","name":"L C Cassetti S.r.l.","description":"","publisher":{"@id":"https:\/\/elleci.biz\/de\/#organization"},"potentialAction":[{"@type":"SearchAction","target":{"@type":"EntryPoint","urlTemplate":"https:\/\/elleci.biz\/de\/?s={search_term_string}"},"query-input":{"@type":"PropertyValueSpecification","valueRequired":true,"valueName":"search_term_string"}}],"inLanguage":"de"},{"@type":"Organization","@id":"https:\/\/elleci.biz\/de\/#organization","name":"L C Cassetti S.r.l.","url":"https:\/\/elleci.biz\/de\/","logo":{"@type":"ImageObject","inLanguage":"de","@id":"https:\/\/elleci.biz\/de\/#\/schema\/logo\/image\/","url":"https:\/\/elleci.biz\/wp-content\/uploads\/2024\/12\/logo.png","contentUrl":"https:\/\/elleci.biz\/wp-content\/uploads\/2024\/12\/logo.png","width":584,"height":298,"caption":"L C Cassetti S.r.l."},"image":{"@id":"https:\/\/elleci.biz\/de\/#\/schema\/logo\/image\/"}}]}},"_links":{"self":[{"href":"https:\/\/elleci.biz\/de\/wp-json\/wp\/v2\/pages\/1534","targetHints":{"allow":["GET"]}}],"collection":[{"href":"https:\/\/elleci.biz\/de\/wp-json\/wp\/v2\/pages"}],"about":[{"href":"https:\/\/elleci.biz\/de\/wp-json\/wp\/v2\/types\/page"}],"author":[{"embeddable":true,"href":"https:\/\/elleci.biz\/de\/wp-json\/wp\/v2\/users\/1"}],"replies":[{"embeddable":true,"href":"https:\/\/elleci.biz\/de\/wp-json\/wp\/v2\/comments?post=1534"}],"version-history":[{"count":2,"href":"https:\/\/elleci.biz\/de\/wp-json\/wp\/v2\/pages\/1534\/revisions"}],"predecessor-version":[{"id":1758,"href":"https:\/\/elleci.biz\/de\/wp-json\/wp\/v2\/pages\/1534\/revisions\/1758"}],"wp:attachment":[{"href":"https:\/\/elleci.biz\/de\/wp-json\/wp\/v2\/media?parent=1534"}],"curies":[{"name":"wp","href":"https:\/\/api.w.org\/{rel}","templated":true}]}}