{"id":1558,"date":"2024-12-04T12:53:15","date_gmt":"2024-12-04T11:53:15","guid":{"rendered":"https:\/\/elleci.piuinternet.it\/dienstleistungen\/"},"modified":"2025-01-20T12:06:49","modified_gmt":"2025-01-20T11:06:49","slug":"dienstleistungen","status":"publish","type":"page","link":"https:\/\/elleci.biz\/de\/dienstleistungen\/","title":{"rendered":"Dienstleistungen"},"content":{"rendered":"\t\t<div data-elementor-type=\"wp-page\" data-elementor-id=\"1558\" class=\"elementor elementor-1558 elementor-92\" data-elementor-post-type=\"page\">\n\t\t\t\t<div class=\"elementor-element elementor-element-45298f1 e-con-full e-flex e-con e-parent\" data-id=\"45298f1\" data-element_type=\"container\" data-e-type=\"container\" data-settings=\"{&quot;background_background&quot;:&quot;slideshow&quot;,&quot;background_slideshow_gallery&quot;:[{&quot;id&quot;:21,&quot;url&quot;:&quot;https:\\\/\\\/elleci.biz\\\/wp-content\\\/uploads\\\/2024\\\/12\\\/MG_0817.jpg&quot;},{&quot;id&quot;:20,&quot;url&quot;:&quot;https:\\\/\\\/elleci.biz\\\/wp-content\\\/uploads\\\/2024\\\/12\\\/MG_0813.jpg&quot;}],&quot;background_slideshow_ken_burns&quot;:&quot;yes&quot;,&quot;background_slideshow_loop&quot;:&quot;yes&quot;,&quot;background_slideshow_slide_duration&quot;:5000,&quot;background_slideshow_slide_transition&quot;:&quot;fade&quot;,&quot;background_slideshow_transition_duration&quot;:500,&quot;background_slideshow_ken_burns_zoom_direction&quot;:&quot;in&quot;}\">\n\t\t\t\t<div class=\"elementor-element elementor-element-4a2a157 elementor-widget__width-initial elementor-invisible elementor-widget elementor-widget-heading\" data-id=\"4a2a157\" data-element_type=\"widget\" data-e-type=\"widget\" data-settings=\"{&quot;_animation&quot;:&quot;slideInUp&quot;}\" data-widget_type=\"heading.default\">\n\t\t\t\t<div class=\"elementor-widget-container\">\n\t\t\t\t\t<h3 class=\"elementor-heading-title elementor-size-default\">Dienstleistungen<\/h3>\t\t\t\t<\/div>\n\t\t\t\t<\/div>\n\t\t\t\t<div class=\"elementor-element elementor-element-8c4e6c3 elementor-widget elementor-widget-breadcrumbs\" data-id=\"8c4e6c3\" data-element_type=\"widget\" data-e-type=\"widget\" data-widget_type=\"breadcrumbs.default\">\n\t\t\t\t<div class=\"elementor-widget-container\">\n\t\t\t\t\t<p id=\"breadcrumbs\"><span><span><a href=\"https:\/\/elleci.biz\/de\/\">Home<\/a><\/span><\/span><\/p>\t\t\t\t<\/div>\n\t\t\t\t<\/div>\n\t\t\t\t<\/div>\n\t\t<div class=\"elementor-element elementor-element-283c2b2 e-con-full e-flex e-con e-parent\" data-id=\"283c2b2\" data-element_type=\"container\" data-e-type=\"container\" data-settings=\"{&quot;background_background&quot;:&quot;classic&quot;}\">\n\t\t\t\t<div class=\"elementor-element elementor-element-c7c2400 elementor-widget__width-initial elementor-invisible elementor-widget elementor-widget-heading\" data-id=\"c7c2400\" data-element_type=\"widget\" data-e-type=\"widget\" data-settings=\"{&quot;_animation&quot;:&quot;slideInDown&quot;}\" data-widget_type=\"heading.default\">\n\t\t\t\t<div class=\"elementor-widget-container\">\n\t\t\t\t\t<h1 class=\"elementor-heading-title elementor-size-default\">Anpassungen und zus\u00e4tzliche Dienstleistungen <\/h1>\t\t\t\t<\/div>\n\t\t\t\t<\/div>\n\t\t\t\t<div class=\"elementor-element elementor-element-2f0aabe elementor-widget__width-initial elementor-invisible elementor-widget elementor-widget-text-editor\" data-id=\"2f0aabe\" data-element_type=\"widget\" data-e-type=\"widget\" data-settings=\"{&quot;_animation&quot;:&quot;slideInDown&quot;}\" data-widget_type=\"text-editor.default\">\n\t\t\t\t<div class=\"elementor-widget-container\">\n\t\t\t\t\t\t\t\t\t<p><span style=\"font-weight: 400;\">LC CASSETTI<\/span>\u00a0geht auf die Bed\u00fcrfnisse der Kunden ein, um ein Produkt zu liefern, das alle Anforderungen erf\u00fcllt, vom Entwurf bis zur Lieferung. Unsere \u00fcber 30-j\u00e4hrige Erfahrung erm\u00f6glicht es uns, <strong>\u00e4sthetische und funktionale Entw\u00fcrfe f\u00fcr jede Einsatzm\u00f6glichkeit zu entwickeln<\/strong>, dank eines Teams von Fachleuten, das ein fertiges Produkt liefert, das den geforderten Anforderungen entspricht.<\/p>\n<p>LC CASSETTI ist auch in der Lage, einen Montageservice f\u00fcr Schubladen, einschlie\u00dflich der entsprechenden B\u00f6den und Schienen, anzubieten. Dank unserer flexiblen Organisation k\u00f6nnen wir jede Art von Anfrage erf\u00fcllen: von der Produktion gro\u00dfer St\u00fcckzahlen bis hin zur Herstellung von Kleinserien.<\/p>\n\t\t\t\t\t\t\t\t<\/div>\n\t\t\t\t<\/div>\n\t\t<div class=\"elementor-element elementor-element-321bc16 e-con-full e-flex e-con e-child\" data-id=\"321bc16\" data-element_type=\"container\" data-e-type=\"container\">\n\t\t\t\t<div class=\"elementor-element elementor-element-043c298 elementor-flip-box--effect-push elementor-flip-box--direction-up elementor-invisible elementor-widget elementor-widget-flip-box\" data-id=\"043c298\" data-element_type=\"widget\" data-e-type=\"widget\" data-settings=\"{&quot;_animation&quot;:&quot;slideInUp&quot;,&quot;_animation_delay&quot;:200}\" data-widget_type=\"flip-box.default\">\n\t\t\t\t<div class=\"elementor-widget-container\">\n\t\t\t\t\t\t\t<div class=\"elementor-flip-box\" tabindex=\"0\">\n\t\t\t<div class=\"elementor-flip-box__layer elementor-flip-box__front\">\n\t\t\t\t<div class=\"elementor-flip-box__layer__overlay\">\n\t\t\t\t\t<div class=\"elementor-flip-box__layer__inner\">\n\t\t\t\t\t\t\t\t\t\t\t\t\t<div class=\"elementor-flip-box__image\">\n\t\t\t\t\t\t\t\t<img decoding=\"async\" width=\"150\" height=\"150\" src=\"https:\/\/elleci.biz\/wp-content\/uploads\/2025\/01\/icone-LC-Cassetti-4-150x150.png\" class=\"attachment-thumbnail size-thumbnail wp-image-1803\" alt=\"\" srcset=\"https:\/\/elleci.biz\/wp-content\/uploads\/2025\/01\/icone-LC-Cassetti-4-150x150.png 150w, https:\/\/elleci.biz\/wp-content\/uploads\/2025\/01\/icone-LC-Cassetti-4.png 200w\" sizes=\"(max-width: 150px) 100vw, 150px\" \/>\t\t\t\t\t\t\t<\/div>\n\t\t\t\t\t\t\n\t\t\t\t\t\t\t\t\t\t\t\t\t<h3 class=\"elementor-flip-box__layer__title\">\n\t\t\t\t\t\t\t\tMa\u00dfgeschneiderte Dekore\t\t\t\t\t\t\t<\/h3>\n\t\t\t\t\t\t\n\t\t\t\t\t\t\t\t\t\t\t<\/div>\n\t\t\t\t<\/div>\n\t\t\t<\/div>\n\t\t\t<div class=\"elementor-flip-box__layer elementor-flip-box__back\">\n\t\t\t<div class=\"elementor-flip-box__layer__overlay\">\n\t\t\t\t<div class=\"elementor-flip-box__layer__inner\">\n\t\t\t\t\t\t\t\t\t\t\t<h3 class=\"elementor-flip-box__layer__title\">\n\t\t\t\t\t\t\tMa\u00dfgeschneiderte Dekore\t\t\t\t\t\t<\/h3>\n\t\t\t\t\t\n\t\t\t\t\t\t\t\t\t\t\t<div class=\"elementor-flip-box__layer__description\">\n\t\t\t\t\t\t\tWir verf\u00fcgen \u00fcber ein Expertenteam, das das f\u00fcr Ihre Bed\u00fcrfnisse am besten geeignete Dekor ermittelt.\r\n\t\t\t\t\t\t<\/div>\n\t\t\t\t\t\n\t\t\t\t\t\t\t\t<\/div>\n\t\t<\/div>\n\t\t<\/div>\n\t\t<\/div>\n\t\t\t\t\t\t<\/div>\n\t\t\t\t<\/div>\n\t\t\t\t<div class=\"elementor-element elementor-element-1fe8567 elementor-flip-box--effect-push elementor-flip-box--direction-up elementor-invisible elementor-widget elementor-widget-flip-box\" data-id=\"1fe8567\" data-element_type=\"widget\" data-e-type=\"widget\" data-settings=\"{&quot;_animation&quot;:&quot;slideInUp&quot;,&quot;_animation_delay&quot;:200}\" data-widget_type=\"flip-box.default\">\n\t\t\t\t<div class=\"elementor-widget-container\">\n\t\t\t\t\t\t\t<div class=\"elementor-flip-box\" tabindex=\"0\">\n\t\t\t<div class=\"elementor-flip-box__layer elementor-flip-box__front\">\n\t\t\t\t<div class=\"elementor-flip-box__layer__overlay\">\n\t\t\t\t\t<div class=\"elementor-flip-box__layer__inner\">\n\t\t\t\t\t\t\t\t\t\t\t\t\t<div class=\"elementor-flip-box__image\">\n\t\t\t\t\t\t\t\t<img decoding=\"async\" width=\"150\" height=\"150\" src=\"https:\/\/elleci.biz\/wp-content\/uploads\/2025\/01\/icone-LC-Cassetti-5-150x150.png\" class=\"attachment-thumbnail size-thumbnail wp-image-1806\" alt=\"\" srcset=\"https:\/\/elleci.biz\/wp-content\/uploads\/2025\/01\/icone-LC-Cassetti-5-150x150.png 150w, https:\/\/elleci.biz\/wp-content\/uploads\/2025\/01\/icone-LC-Cassetti-5.png 200w\" sizes=\"(max-width: 150px) 100vw, 150px\" \/>\t\t\t\t\t\t\t<\/div>\n\t\t\t\t\t\t\n\t\t\t\t\t\t\t\t\t\t\t\t\t<h3 class=\"elementor-flip-box__layer__title\">\n\t\t\t\t\t\t\t\tKundenspezifische Bohrungen\t\t\t\t\t\t\t<\/h3>\n\t\t\t\t\t\t\n\t\t\t\t\t\t\t\t\t\t\t<\/div>\n\t\t\t\t<\/div>\n\t\t\t<\/div>\n\t\t\t<div class=\"elementor-flip-box__layer elementor-flip-box__back\">\n\t\t\t<div class=\"elementor-flip-box__layer__overlay\">\n\t\t\t\t<div class=\"elementor-flip-box__layer__inner\">\n\t\t\t\t\t\t\t\t\t\t\t<h3 class=\"elementor-flip-box__layer__title\">\n\t\t\t\t\t\t\tKundenspezifische Bohrungen\t\t\t\t\t\t<\/h3>\n\t\t\t\t\t\n\t\t\t\t\t\t\t\t\t\t\t<div class=\"elementor-flip-box__layer__description\">\n\t\t\t\t\t\t\tGro\u00dfe Auswahl an Schubladen und M\u00f6belzubeh\u00f6r mit Perforationen f\u00fcr mehrere Oberfl\u00e4chen.\t\t\t\t\t\t<\/div>\n\t\t\t\t\t\n\t\t\t\t\t\t\t\t<\/div>\n\t\t<\/div>\n\t\t<\/div>\n\t\t<\/div>\n\t\t\t\t\t\t<\/div>\n\t\t\t\t<\/div>\n\t\t\t\t<div class=\"elementor-element elementor-element-1601375 elementor-flip-box--effect-push elementor-flip-box--direction-up elementor-invisible elementor-widget elementor-widget-flip-box\" data-id=\"1601375\" data-element_type=\"widget\" data-e-type=\"widget\" data-settings=\"{&quot;_animation&quot;:&quot;slideInUp&quot;,&quot;_animation_delay&quot;:200}\" data-widget_type=\"flip-box.default\">\n\t\t\t\t<div class=\"elementor-widget-container\">\n\t\t\t\t\t\t\t<div class=\"elementor-flip-box\" tabindex=\"0\">\n\t\t\t<div class=\"elementor-flip-box__layer elementor-flip-box__front\">\n\t\t\t\t<div class=\"elementor-flip-box__layer__overlay\">\n\t\t\t\t\t<div class=\"elementor-flip-box__layer__inner\">\n\t\t\t\t\t\t\t\t\t\t\t\t\t<div class=\"elementor-flip-box__image\">\n\t\t\t\t\t\t\t\t<img decoding=\"async\" width=\"150\" height=\"150\" src=\"https:\/\/elleci.biz\/wp-content\/uploads\/2025\/01\/icone-LC-Cassetti-6-150x150.png\" class=\"attachment-thumbnail size-thumbnail wp-image-1809\" alt=\"\" srcset=\"https:\/\/elleci.biz\/wp-content\/uploads\/2025\/01\/icone-LC-Cassetti-6-150x150.png 150w, https:\/\/elleci.biz\/wp-content\/uploads\/2025\/01\/icone-LC-Cassetti-6.png 200w\" sizes=\"(max-width: 150px) 100vw, 150px\" \/>\t\t\t\t\t\t\t<\/div>\n\t\t\t\t\t\t\n\t\t\t\t\t\t\t\t\t\t\t\t\t<h3 class=\"elementor-flip-box__layer__title\">\n\t\t\t\t\t\t\t\tKleine Lose\t\t\t\t\t\t\t<\/h3>\n\t\t\t\t\t\t\n\t\t\t\t\t\t\t\t\t\t\t<\/div>\n\t\t\t\t<\/div>\n\t\t\t<\/div>\n\t\t\t<div class=\"elementor-flip-box__layer elementor-flip-box__back\">\n\t\t\t<div class=\"elementor-flip-box__layer__overlay\">\n\t\t\t\t<div class=\"elementor-flip-box__layer__inner\">\n\t\t\t\t\t\t\t\t\t\t\t<h3 class=\"elementor-flip-box__layer__title\">\n\t\t\t\t\t\t\tKleine Lose\t\t\t\t\t\t<\/h3>\n\t\t\t\t\t\n\t\t\t\t\t\t\t\t\t\t\t<div class=\"elementor-flip-box__layer__description\">\n\t\t\t\t\t\t\tWir sind so organisiert, dass wir den Bed\u00fcrfnissen der Kunden, die kleine Mengen ben\u00f6tigen, gerecht werden.\r\n\t\t\t\t\t\t<\/div>\n\t\t\t\t\t\n\t\t\t\t\t\t\t\t<\/div>\n\t\t<\/div>\n\t\t<\/div>\n\t\t<\/div>\n\t\t\t\t\t\t<\/div>\n\t\t\t\t<\/div>\n\t\t\t\t<\/div>\n\t\t\t\t<\/div>\n\t\t<div class=\"elementor-element elementor-element-732b56e0 e-flex e-con-boxed e-con e-parent\" data-id=\"732b56e0\" data-element_type=\"container\" data-e-type=\"container\" data-settings=\"{&quot;background_background&quot;:&quot;classic&quot;}\">\n\t\t\t\t\t<div class=\"e-con-inner\">\n\t\t<div class=\"elementor-element elementor-element-1342a5a0 e-con-full animated-slow e-flex elementor-invisible e-con e-child\" data-id=\"1342a5a0\" data-element_type=\"container\" data-e-type=\"container\" data-settings=\"{&quot;animation&quot;:&quot;slideInUp&quot;}\">\n\t\t<div class=\"elementor-element elementor-element-68a2247e e-con-full e-flex e-con e-child\" data-id=\"68a2247e\" data-element_type=\"container\" data-e-type=\"container\" data-settings=\"{&quot;background_background&quot;:&quot;classic&quot;}\">\n\t\t\t\t<div class=\"elementor-element elementor-element-556a0559 elementor-widget__width-initial elementor-invisible elementor-widget elementor-widget-heading\" data-id=\"556a0559\" data-element_type=\"widget\" data-e-type=\"widget\" data-settings=\"{&quot;_animation&quot;:&quot;slideInDown&quot;}\" data-widget_type=\"heading.default\">\n\t\t\t\t<div class=\"elementor-widget-container\">\n\t\t\t\t\t<h2 class=\"elementor-heading-title elementor-size-default\">Kontakt<\/h2>\t\t\t\t<\/div>\n\t\t\t\t<\/div>\n\t\t\t\t<div class=\"elementor-element elementor-element-67e4b823 elementor-widget__width-initial elementor-invisible elementor-widget elementor-widget-text-editor\" data-id=\"67e4b823\" data-element_type=\"widget\" data-e-type=\"widget\" data-settings=\"{&quot;_animation&quot;:&quot;slideInDown&quot;}\" data-widget_type=\"text-editor.default\">\n\t\t\t\t<div class=\"elementor-widget-container\">\n\t\t\t\t\t\t\t\t\t<p>Sie suchen nach Standard- oder ma\u00dfgeschneiderten Schubladen f\u00fcr Ihr Projekt? Nehmen Sie jetzt Kontakt mit uns auf und erhalten Sie eine individuelle Beratung, die Ihren Bed\u00fcrfnissen entspricht. <\/p>\n\t\t\t\t\t\t\t\t<\/div>\n\t\t\t\t<\/div>\n\t\t\t\t<div class=\"elementor-element elementor-element-4090b48 elementor-invisible elementor-widget elementor-widget-button\" data-id=\"4090b48\" data-element_type=\"widget\" data-e-type=\"widget\" data-settings=\"{&quot;_animation&quot;:&quot;slideInDown&quot;}\" data-widget_type=\"button.default\">\n\t\t\t\t<div class=\"elementor-widget-container\">\n\t\t\t\t\t\t\t\t\t<div class=\"elementor-button-wrapper\">\n\t\t\t\t\t<a class=\"elementor-button elementor-button-link elementor-size-sm\" href=\"https:\/\/elleci.biz\/de\/kontakt\/\">\n\t\t\t\t\t\t<span class=\"elementor-button-content-wrapper\">\n\t\t\t\t\t\t\t\t\t<span class=\"elementor-button-text\">Kontakt<\/span>\n\t\t\t\t\t<\/span>\n\t\t\t\t\t<\/a>\n\t\t\t\t<\/div>\n\t\t\t\t\t\t\t\t<\/div>\n\t\t\t\t<\/div>\n\t\t\t\t<\/div>\n\t\t\t\t<\/div>\n\t\t\t\t\t<\/div>\n\t\t\t\t<\/div>\n\t\t\t\t<\/div>\n\t\t","protected":false},"excerpt":{"rendered":"<p>Dienstleistungen Anpassungen und zus\u00e4tzliche Dienstleistungen LC CASSETTI\u00a0geht auf die Bed\u00fcrfnisse der Kunden ein, um ein Produkt zu liefern, das alle Anforderungen erf\u00fcllt, vom Entwurf bis zur Lieferung. Unsere \u00fcber 30-j\u00e4hrige Erfahrung erm\u00f6glicht es uns, \u00e4sthetische und funktionale Entw\u00fcrfe f\u00fcr jede Einsatzm\u00f6glichkeit zu entwickeln, dank eines Teams von Fachleuten, das ein fertiges Produkt liefert, das den [&hellip;]<\/p>\n","protected":false},"author":1,"featured_media":0,"parent":0,"menu_order":0,"comment_status":"closed","ping_status":"closed","template":"elementor_header_footer","meta":{"footnotes":""},"class_list":["post-1558","page","type-page","status-publish","hentry"],"yoast_head":"<!-- This site is optimized with the Yoast SEO plugin v27.5 - https:\/\/yoast.com\/product\/yoast-seo-wordpress\/ -->\n<title>Personalisierung und zus\u00e4tzliche Dienstleistungen - L.C. Cassetti<\/title>\n<meta name=\"description\" content=\"Informieren Sie sich \u00fcber unseren Individualisierungsservice und zus\u00e4tzliche L\u00f6sungen f\u00fcr Schubladen und Komponenten, wie z.B. ma\u00dfgeschneiderte Dekorelemente oder individuelle Perforationen.\" \/>\n<meta name=\"robots\" content=\"index, follow, max-snippet:-1, max-image-preview:large, max-video-preview:-1\" \/>\n<link rel=\"canonical\" href=\"https:\/\/elleci.biz\/de\/dienstleistungen\/\" \/>\n<meta property=\"og:locale\" content=\"de_DE\" \/>\n<meta property=\"og:type\" content=\"article\" \/>\n<meta property=\"og:title\" content=\"Personalisierung und zus\u00e4tzliche Dienstleistungen - L.C. Cassetti\" \/>\n<meta property=\"og:description\" content=\"Informieren Sie sich \u00fcber unseren Individualisierungsservice und zus\u00e4tzliche L\u00f6sungen f\u00fcr Schubladen und Komponenten, wie z.B. ma\u00dfgeschneiderte Dekorelemente oder individuelle Perforationen.\" \/>\n<meta property=\"og:url\" content=\"https:\/\/elleci.biz\/de\/dienstleistungen\/\" \/>\n<meta property=\"og:site_name\" content=\"L C Cassetti S.r.l.\" \/>\n<meta property=\"article:modified_time\" content=\"2025-01-20T11:06:49+00:00\" \/>\n<meta property=\"og:image\" content=\"https:\/\/elleci.piuinternet.it\/wp-content\/uploads\/2025\/01\/icone-LC-Cassetti-4-150x150.png\" \/>\n<meta name=\"twitter:card\" content=\"summary_large_image\" \/>\n<meta name=\"twitter:label1\" content=\"Gesch\u00e4tzte Lesezeit\" \/>\n\t<meta name=\"twitter:data1\" content=\"1\u00a0Minute\" \/>\n<script type=\"application\/ld+json\" class=\"yoast-schema-graph\">{\"@context\":\"https:\\\/\\\/schema.org\",\"@graph\":[{\"@type\":\"WebPage\",\"@id\":\"https:\\\/\\\/elleci.biz\\\/de\\\/dienstleistungen\\\/\",\"url\":\"https:\\\/\\\/elleci.biz\\\/de\\\/dienstleistungen\\\/\",\"name\":\"Personalisierung und zus\u00e4tzliche Dienstleistungen - L.C. Cassetti\",\"isPartOf\":{\"@id\":\"https:\\\/\\\/elleci.biz\\\/de\\\/#website\"},\"primaryImageOfPage\":{\"@id\":\"https:\\\/\\\/elleci.biz\\\/de\\\/dienstleistungen\\\/#primaryimage\"},\"image\":{\"@id\":\"https:\\\/\\\/elleci.biz\\\/de\\\/dienstleistungen\\\/#primaryimage\"},\"thumbnailUrl\":\"https:\\\/\\\/elleci.piuinternet.it\\\/wp-content\\\/uploads\\\/2025\\\/01\\\/icone-LC-Cassetti-4-150x150.png\",\"datePublished\":\"2024-12-04T11:53:15+00:00\",\"dateModified\":\"2025-01-20T11:06:49+00:00\",\"description\":\"Informieren Sie sich \u00fcber unseren Individualisierungsservice und zus\u00e4tzliche L\u00f6sungen f\u00fcr Schubladen und Komponenten, wie z.B. ma\u00dfgeschneiderte Dekorelemente oder individuelle Perforationen.\",\"breadcrumb\":{\"@id\":\"https:\\\/\\\/elleci.biz\\\/de\\\/dienstleistungen\\\/#breadcrumb\"},\"inLanguage\":\"de\",\"potentialAction\":[{\"@type\":\"ReadAction\",\"target\":[\"https:\\\/\\\/elleci.biz\\\/de\\\/dienstleistungen\\\/\"]}]},{\"@type\":\"ImageObject\",\"inLanguage\":\"de\",\"@id\":\"https:\\\/\\\/elleci.biz\\\/de\\\/dienstleistungen\\\/#primaryimage\",\"url\":\"https:\\\/\\\/elleci.piuinternet.it\\\/wp-content\\\/uploads\\\/2025\\\/01\\\/icone-LC-Cassetti-4-150x150.png\",\"contentUrl\":\"https:\\\/\\\/elleci.piuinternet.it\\\/wp-content\\\/uploads\\\/2025\\\/01\\\/icone-LC-Cassetti-4-150x150.png\"},{\"@type\":\"BreadcrumbList\",\"@id\":\"https:\\\/\\\/elleci.biz\\\/de\\\/dienstleistungen\\\/#breadcrumb\",\"itemListElement\":[{\"@type\":\"ListItem\",\"position\":1,\"name\":\"Home\",\"item\":\"https:\\\/\\\/elleci.biz\\\/de\\\/\"},{\"@type\":\"ListItem\",\"position\":2,\"name\":\"Dienstleistungen\"}]},{\"@type\":\"WebSite\",\"@id\":\"https:\\\/\\\/elleci.biz\\\/de\\\/#website\",\"url\":\"https:\\\/\\\/elleci.biz\\\/de\\\/\",\"name\":\"L C Cassetti S.r.l.\",\"description\":\"\",\"publisher\":{\"@id\":\"https:\\\/\\\/elleci.biz\\\/de\\\/#organization\"},\"potentialAction\":[{\"@type\":\"SearchAction\",\"target\":{\"@type\":\"EntryPoint\",\"urlTemplate\":\"https:\\\/\\\/elleci.biz\\\/de\\\/?s={search_term_string}\"},\"query-input\":{\"@type\":\"PropertyValueSpecification\",\"valueRequired\":true,\"valueName\":\"search_term_string\"}}],\"inLanguage\":\"de\"},{\"@type\":\"Organization\",\"@id\":\"https:\\\/\\\/elleci.biz\\\/de\\\/#organization\",\"name\":\"L C Cassetti S.r.l.\",\"url\":\"https:\\\/\\\/elleci.biz\\\/de\\\/\",\"logo\":{\"@type\":\"ImageObject\",\"inLanguage\":\"de\",\"@id\":\"https:\\\/\\\/elleci.biz\\\/de\\\/#\\\/schema\\\/logo\\\/image\\\/\",\"url\":\"https:\\\/\\\/elleci.biz\\\/wp-content\\\/uploads\\\/2024\\\/12\\\/logo.png\",\"contentUrl\":\"https:\\\/\\\/elleci.biz\\\/wp-content\\\/uploads\\\/2024\\\/12\\\/logo.png\",\"width\":584,\"height\":298,\"caption\":\"L C Cassetti S.r.l.\"},\"image\":{\"@id\":\"https:\\\/\\\/elleci.biz\\\/de\\\/#\\\/schema\\\/logo\\\/image\\\/\"}}]}<\/script>\n<!-- \/ Yoast SEO plugin. -->","yoast_head_json":{"title":"Personalisierung und zus\u00e4tzliche Dienstleistungen - L.C. Cassetti","description":"Informieren Sie sich \u00fcber unseren Individualisierungsservice und zus\u00e4tzliche L\u00f6sungen f\u00fcr Schubladen und Komponenten, wie z.B. ma\u00dfgeschneiderte Dekorelemente oder individuelle Perforationen.","robots":{"index":"index","follow":"follow","max-snippet":"max-snippet:-1","max-image-preview":"max-image-preview:large","max-video-preview":"max-video-preview:-1"},"canonical":"https:\/\/elleci.biz\/de\/dienstleistungen\/","og_locale":"de_DE","og_type":"article","og_title":"Personalisierung und zus\u00e4tzliche Dienstleistungen - L.C. Cassetti","og_description":"Informieren Sie sich \u00fcber unseren Individualisierungsservice und zus\u00e4tzliche L\u00f6sungen f\u00fcr Schubladen und Komponenten, wie z.B. ma\u00dfgeschneiderte Dekorelemente oder individuelle Perforationen.","og_url":"https:\/\/elleci.biz\/de\/dienstleistungen\/","og_site_name":"L C Cassetti S.r.l.","article_modified_time":"2025-01-20T11:06:49+00:00","og_image":[{"url":"https:\/\/elleci.piuinternet.it\/wp-content\/uploads\/2025\/01\/icone-LC-Cassetti-4-150x150.png","type":"","width":"","height":""}],"twitter_card":"summary_large_image","twitter_misc":{"Gesch\u00e4tzte Lesezeit":"1\u00a0Minute"},"schema":{"@context":"https:\/\/schema.org","@graph":[{"@type":"WebPage","@id":"https:\/\/elleci.biz\/de\/dienstleistungen\/","url":"https:\/\/elleci.biz\/de\/dienstleistungen\/","name":"Personalisierung und zus\u00e4tzliche Dienstleistungen - L.C. Cassetti","isPartOf":{"@id":"https:\/\/elleci.biz\/de\/#website"},"primaryImageOfPage":{"@id":"https:\/\/elleci.biz\/de\/dienstleistungen\/#primaryimage"},"image":{"@id":"https:\/\/elleci.biz\/de\/dienstleistungen\/#primaryimage"},"thumbnailUrl":"https:\/\/elleci.piuinternet.it\/wp-content\/uploads\/2025\/01\/icone-LC-Cassetti-4-150x150.png","datePublished":"2024-12-04T11:53:15+00:00","dateModified":"2025-01-20T11:06:49+00:00","description":"Informieren Sie sich \u00fcber unseren Individualisierungsservice und zus\u00e4tzliche L\u00f6sungen f\u00fcr Schubladen und Komponenten, wie z.B. ma\u00dfgeschneiderte Dekorelemente oder individuelle Perforationen.","breadcrumb":{"@id":"https:\/\/elleci.biz\/de\/dienstleistungen\/#breadcrumb"},"inLanguage":"de","potentialAction":[{"@type":"ReadAction","target":["https:\/\/elleci.biz\/de\/dienstleistungen\/"]}]},{"@type":"ImageObject","inLanguage":"de","@id":"https:\/\/elleci.biz\/de\/dienstleistungen\/#primaryimage","url":"https:\/\/elleci.piuinternet.it\/wp-content\/uploads\/2025\/01\/icone-LC-Cassetti-4-150x150.png","contentUrl":"https:\/\/elleci.piuinternet.it\/wp-content\/uploads\/2025\/01\/icone-LC-Cassetti-4-150x150.png"},{"@type":"BreadcrumbList","@id":"https:\/\/elleci.biz\/de\/dienstleistungen\/#breadcrumb","itemListElement":[{"@type":"ListItem","position":1,"name":"Home","item":"https:\/\/elleci.biz\/de\/"},{"@type":"ListItem","position":2,"name":"Dienstleistungen"}]},{"@type":"WebSite","@id":"https:\/\/elleci.biz\/de\/#website","url":"https:\/\/elleci.biz\/de\/","name":"L C Cassetti S.r.l.","description":"","publisher":{"@id":"https:\/\/elleci.biz\/de\/#organization"},"potentialAction":[{"@type":"SearchAction","target":{"@type":"EntryPoint","urlTemplate":"https:\/\/elleci.biz\/de\/?s={search_term_string}"},"query-input":{"@type":"PropertyValueSpecification","valueRequired":true,"valueName":"search_term_string"}}],"inLanguage":"de"},{"@type":"Organization","@id":"https:\/\/elleci.biz\/de\/#organization","name":"L C Cassetti S.r.l.","url":"https:\/\/elleci.biz\/de\/","logo":{"@type":"ImageObject","inLanguage":"de","@id":"https:\/\/elleci.biz\/de\/#\/schema\/logo\/image\/","url":"https:\/\/elleci.biz\/wp-content\/uploads\/2024\/12\/logo.png","contentUrl":"https:\/\/elleci.biz\/wp-content\/uploads\/2024\/12\/logo.png","width":584,"height":298,"caption":"L C Cassetti S.r.l."},"image":{"@id":"https:\/\/elleci.biz\/de\/#\/schema\/logo\/image\/"}}]}},"_links":{"self":[{"href":"https:\/\/elleci.biz\/de\/wp-json\/wp\/v2\/pages\/1558","targetHints":{"allow":["GET"]}}],"collection":[{"href":"https:\/\/elleci.biz\/de\/wp-json\/wp\/v2\/pages"}],"about":[{"href":"https:\/\/elleci.biz\/de\/wp-json\/wp\/v2\/types\/page"}],"author":[{"embeddable":true,"href":"https:\/\/elleci.biz\/de\/wp-json\/wp\/v2\/users\/1"}],"replies":[{"embeddable":true,"href":"https:\/\/elleci.biz\/de\/wp-json\/wp\/v2\/comments?post=1558"}],"version-history":[{"count":3,"href":"https:\/\/elleci.biz\/de\/wp-json\/wp\/v2\/pages\/1558\/revisions"}],"predecessor-version":[{"id":1905,"href":"https:\/\/elleci.biz\/de\/wp-json\/wp\/v2\/pages\/1558\/revisions\/1905"}],"wp:attachment":[{"href":"https:\/\/elleci.biz\/de\/wp-json\/wp\/v2\/media?parent=1558"}],"curies":[{"name":"wp","href":"https:\/\/api.w.org\/{rel}","templated":true}]}}