{"id":1573,"date":"2024-12-16T12:45:48","date_gmt":"2024-12-16T11:45:48","guid":{"rendered":"https:\/\/elleci.piuinternet.it\/rechtliche-hinweise\/"},"modified":"2025-06-25T15:57:20","modified_gmt":"2025-06-25T13:57:20","slug":"rechtliche-hinweise","status":"publish","type":"page","link":"https:\/\/elleci.biz\/de\/rechtliche-hinweise\/","title":{"rendered":"Rechtliche Hinweise"},"content":{"rendered":"\t\t<div data-elementor-type=\"wp-page\" data-elementor-id=\"1573\" class=\"elementor elementor-1573 elementor-1529\" data-elementor-post-type=\"page\">\n\t\t\t\t<div class=\"elementor-element elementor-element-23ca812 e-con-full e-flex e-con e-parent\" data-id=\"23ca812\" data-element_type=\"container\" data-e-type=\"container\" data-settings=\"{&quot;background_background&quot;:&quot;slideshow&quot;,&quot;background_slideshow_gallery&quot;:[{&quot;id&quot;:21,&quot;url&quot;:&quot;https:\\\/\\\/elleci.biz\\\/wp-content\\\/uploads\\\/2024\\\/12\\\/MG_0817.jpg&quot;},{&quot;id&quot;:20,&quot;url&quot;:&quot;https:\\\/\\\/elleci.biz\\\/wp-content\\\/uploads\\\/2024\\\/12\\\/MG_0813.jpg&quot;}],&quot;background_slideshow_ken_burns&quot;:&quot;yes&quot;,&quot;background_slideshow_loop&quot;:&quot;yes&quot;,&quot;background_slideshow_slide_duration&quot;:5000,&quot;background_slideshow_slide_transition&quot;:&quot;fade&quot;,&quot;background_slideshow_transition_duration&quot;:500,&quot;background_slideshow_ken_burns_zoom_direction&quot;:&quot;in&quot;}\">\n\t\t\t\t<div class=\"elementor-element elementor-element-2eb636c elementor-widget__width-initial elementor-invisible elementor-widget elementor-widget-heading\" data-id=\"2eb636c\" data-element_type=\"widget\" data-e-type=\"widget\" data-settings=\"{&quot;_animation&quot;:&quot;slideInUp&quot;}\" data-widget_type=\"heading.default\">\n\t\t\t\t<div class=\"elementor-widget-container\">\n\t\t\t\t\t<h3 class=\"elementor-heading-title elementor-size-default\">Rechtliche Hinweise<\/h3>\t\t\t\t<\/div>\n\t\t\t\t<\/div>\n\t\t\t\t<div class=\"elementor-element elementor-element-c02b671 elementor-widget elementor-widget-breadcrumbs\" data-id=\"c02b671\" data-element_type=\"widget\" data-e-type=\"widget\" data-widget_type=\"breadcrumbs.default\">\n\t\t\t\t<div class=\"elementor-widget-container\">\n\t\t\t\t\t<p id=\"breadcrumbs\"><span><span><a href=\"https:\/\/elleci.biz\/de\/\">Home<\/a><\/span><\/span><\/p>\t\t\t\t<\/div>\n\t\t\t\t<\/div>\n\t\t\t\t<\/div>\n\t\t<div class=\"elementor-element elementor-element-fc33e93 e-con-full e-flex e-con e-parent\" data-id=\"fc33e93\" data-element_type=\"container\" data-e-type=\"container\" data-settings=\"{&quot;background_background&quot;:&quot;classic&quot;}\">\n\t\t<div class=\"elementor-element elementor-element-086632c e-con-full e-flex e-con e-child\" data-id=\"086632c\" data-element_type=\"container\" data-e-type=\"container\">\n\t\t<div class=\"elementor-element elementor-element-acba132 e-con-full e-flex e-con e-child\" data-id=\"acba132\" data-element_type=\"container\" data-e-type=\"container\">\n\t\t\t\t<div class=\"elementor-element elementor-element-074480a elementor-widget__width-initial elementor-invisible elementor-widget elementor-widget-heading\" data-id=\"074480a\" data-element_type=\"widget\" data-e-type=\"widget\" data-settings=\"{&quot;_animation&quot;:&quot;slideInDown&quot;}\" data-widget_type=\"heading.default\">\n\t\t\t\t<div class=\"elementor-widget-container\">\n\t\t\t\t\t<h1 class=\"elementor-heading-title elementor-size-default\">GESELLSCHAFTSDATEN <\/h1>\t\t\t\t<\/div>\n\t\t\t\t<\/div>\n\t\t\t\t<div class=\"elementor-element elementor-element-75f9c0f elementor-widget__width-initial elementor-invisible elementor-widget elementor-widget-text-editor\" data-id=\"75f9c0f\" data-element_type=\"widget\" data-e-type=\"widget\" data-settings=\"{&quot;_animation&quot;:&quot;slideInDown&quot;}\" data-widget_type=\"text-editor.default\">\n\t\t\t\t<div class=\"elementor-widget-container\">\n\t\t\t\t\t\t\t\t\t<p>Gesellschaftsname: LC Cassetti S.r.l.<br \/>Gesch\u00e4fts- und Betriebssitz: Via Toscana, 3 31045 Zona Industriale Sud Motta di Livenza TV<br \/>Gesch\u00e4fts- und Betriebssitz: Via Toscana, 3 31045 Zona Industriale Sud Motta di Livenza TV<br \/>Steuernummer: 04594980262<br \/>Umsatzsteuer-Identifikationsnummer: 04594980262<br \/>REA: TV 362713<\/p><p><strong>INFORMATIONSSCHRIFTEN UND EINWILLIGUNGEN DES UNTERNEHMENS<\/strong><\/p><p><strong>LC Cassetti S.r.l.<\/strong><\/p><p><a href=\"https:\/\/www.elleci.biz\/privacy-policy\/\" target=\"_blank\" rel=\"noopener\"><u><strong>Informationsschrift des Unternehmens zur Datenverarbeitung<\/strong><\/u> <em>(<\/em>https:\/\/www.elleci.biz\/privacy-policy\/)<br \/><\/a><a href=\"https:\/\/www.elleci.biz\/cookie-policy\/\" target=\"_blank\" rel=\"noopener\"><strong><u>Einwilligung nach Aufkl\u00e4rung des Unternehmens \u00fcber die Datenverarbeitung <\/u><\/strong><em>(<\/em>https:\/\/www.elleci.biz\/cookie-policy\/)<\/a><\/p><p><strong>HINWEISE ZU URHEBERRECHTEN UND EINGETRAGENEN WARENZEICHEN<\/strong><\/p><p>Der gesamte Inhalt dieser Website wird von den Urheberrechten (copyright \u00a9) 2025 der Firma LC Cassetti S.r.l.oder ihrer Zulieferer gesch\u00fctzt. Alle Rechte sind den Eigent\u00fcmern gesetzlich vorbehalten.<br \/>Gem\u00e4\u00df Art. 1, Absatz 1 des Gesetzesdekrets Nr. 72 vom 22. M\u00e4rz 2004, so wie durch das Umwandlungsgesetz Nr. 128 vom 21. Mai 2004 ge\u00e4ndert, erf\u00fcllen die auf dieser Website befindlichen Inhalte die Verpflichtungen, die sich aus der Gesetzgebung \u00fcber das Urheberrecht und den damit verbundenen Rechten ergeben.<br \/>Die Vervielf\u00e4ltigung, die Mitteilung an die \u00d6ffentlichkeit, die \u00f6ffentliche Zug\u00e4nglichmachung, die Vermietung und der Verleih, die \u00f6ffentliche Ausf\u00fchrung und Verbreitung sind ohne Zustimmung des Inhabers der Rechte verboten.<br \/>Verst\u00f6\u00dfe unterliegen den Sanktionen der Artikel 171, 171-bis, 171-ter, 174-bis und 174-ter des Gesetzes 633\/1941.<br \/>Gem\u00e4\u00df Art. 5 des Gesetzes Nr. 633 vom 22. April 1941 \u00fcber den Schutz des Urheberrechts, unterliegen<br \/>die Texte offizieller Dokumente des Staates und der \u00f6ffentlichen Verwaltungen, sowohl in Italien als auch im Ausland, nicht dem Urheberrecht.<\/p><p>Mutma\u00dfliche Urheberrechtsverletzungen<\/p><p>Das angegebene Copyright bezieht sich auf die Verarbeitung und Darstellungsform der Texte selbst.<\/p><h4><strong>LC Cassetti S.r.l.gesendet werden:<\/strong><\/h4><p>Phone: 0422 768720 \u2013 Fax: 0422 768720<br \/>eM. <a href=\"mailto:info@elleci.biz\">info@elleci.biz<\/a><\/p>\t\t\t\t\t\t\t\t<\/div>\n\t\t\t\t<\/div>\n\t\t\t\t<\/div>\n\t\t\t\t<\/div>\n\t\t\t\t<\/div>\n\t\t<div class=\"elementor-element elementor-element-5771116c e-flex e-con-boxed e-con e-parent\" data-id=\"5771116c\" data-element_type=\"container\" data-e-type=\"container\" data-settings=\"{&quot;background_background&quot;:&quot;classic&quot;}\">\n\t\t\t\t\t<div class=\"e-con-inner\">\n\t\t<div class=\"elementor-element elementor-element-7583c230 e-con-full animated-slow e-flex elementor-invisible e-con e-child\" data-id=\"7583c230\" data-element_type=\"container\" data-e-type=\"container\" data-settings=\"{&quot;animation&quot;:&quot;slideInUp&quot;}\">\n\t\t<div class=\"elementor-element elementor-element-5242424f e-con-full e-flex e-con e-child\" data-id=\"5242424f\" data-element_type=\"container\" data-e-type=\"container\" data-settings=\"{&quot;background_background&quot;:&quot;classic&quot;}\">\n\t\t\t\t<div class=\"elementor-element elementor-element-4824670b elementor-widget__width-initial elementor-invisible elementor-widget elementor-widget-heading\" data-id=\"4824670b\" data-element_type=\"widget\" data-e-type=\"widget\" data-settings=\"{&quot;_animation&quot;:&quot;slideInDown&quot;}\" data-widget_type=\"heading.default\">\n\t\t\t\t<div class=\"elementor-widget-container\">\n\t\t\t\t\t<h2 class=\"elementor-heading-title elementor-size-default\">Kontakt<\/h2>\t\t\t\t<\/div>\n\t\t\t\t<\/div>\n\t\t\t\t<div class=\"elementor-element elementor-element-31d32fc0 elementor-widget__width-initial elementor-invisible elementor-widget elementor-widget-text-editor\" data-id=\"31d32fc0\" data-element_type=\"widget\" data-e-type=\"widget\" data-settings=\"{&quot;_animation&quot;:&quot;slideInDown&quot;}\" data-widget_type=\"text-editor.default\">\n\t\t\t\t<div class=\"elementor-widget-container\">\n\t\t\t\t\t\t\t\t\t<p>Sie suchen nach Standard- oder ma\u00dfgeschneiderten Schubladen f\u00fcr Ihr Projekt? Nehmen Sie jetzt Kontakt mit uns auf und erhalten Sie eine individuelle Beratung, die Ihren Bed\u00fcrfnissen entspricht. <\/p>\n\t\t\t\t\t\t\t\t<\/div>\n\t\t\t\t<\/div>\n\t\t\t\t<div class=\"elementor-element elementor-element-c1d09e3 elementor-invisible elementor-widget elementor-widget-button\" data-id=\"c1d09e3\" data-element_type=\"widget\" data-e-type=\"widget\" data-settings=\"{&quot;_animation&quot;:&quot;slideInDown&quot;}\" data-widget_type=\"button.default\">\n\t\t\t\t<div class=\"elementor-widget-container\">\n\t\t\t\t\t\t\t\t\t<div class=\"elementor-button-wrapper\">\n\t\t\t\t\t<a class=\"elementor-button elementor-button-link elementor-size-sm\" href=\"https:\/\/elleci.biz\/de\/kontakt\/\">\n\t\t\t\t\t\t<span class=\"elementor-button-content-wrapper\">\n\t\t\t\t\t\t\t\t\t<span class=\"elementor-button-text\">Kontakt<\/span>\n\t\t\t\t\t<\/span>\n\t\t\t\t\t<\/a>\n\t\t\t\t<\/div>\n\t\t\t\t\t\t\t\t<\/div>\n\t\t\t\t<\/div>\n\t\t\t\t<\/div>\n\t\t\t\t<\/div>\n\t\t\t\t\t<\/div>\n\t\t\t\t<\/div>\n\t\t\t\t<\/div>\n\t\t","protected":false},"excerpt":{"rendered":"<p>GESELLSCHAFTSDATEN Gesellschaftsname: LC Cassetti S.r.l.Gesch\u00e4fts- und Betriebssitz: Via Toscana, 3 31045 Zona Industriale Sud Motta di Livenza TVGesch\u00e4fts- und Betriebssitz: Via Toscana, 3 31045 Zona Industriale Sud Motta di Livenza TVSteuernummer: 04594980262Umsatzsteuer-Identifikationsnummer: 04594980262REA: TV 362713 INFORMATIONSSCHRIFTEN UND EINWILLIGUNGEN DES UNTERNEHMENS LC Cassetti S.r.l. Informationsschrift des Unternehmens zur Datenverarbeitung (https:\/\/www.elleci.biz\/privacy-policy\/)Einwilligung nach Aufkl\u00e4rung des Unternehmens \u00fcber die [&hellip;]<\/p>\n","protected":false},"author":1,"featured_media":0,"parent":0,"menu_order":0,"comment_status":"closed","ping_status":"closed","template":"elementor_header_footer","meta":{"footnotes":""},"class_list":["post-1573","page","type-page","status-publish","hentry"],"yoast_head":"<!-- This site is optimized with the Yoast SEO plugin v27.5 - https:\/\/yoast.com\/product\/yoast-seo-wordpress\/ -->\n<title>Rechtliche Hinweise - L C Cassetti S.r.l.<\/title>\n<meta name=\"robots\" content=\"index, nofollow, max-snippet:-1, max-image-preview:large, max-video-preview:-1\" \/>\n<link rel=\"canonical\" href=\"https:\/\/elleci.biz\/de\/rechtliche-hinweise\/\" \/>\n<meta property=\"og:locale\" content=\"de_DE\" \/>\n<meta property=\"og:type\" content=\"article\" \/>\n<meta property=\"og:title\" content=\"Rechtliche Hinweise - L C Cassetti S.r.l.\" \/>\n<meta property=\"og:description\" content=\"GESELLSCHAFTSDATEN Gesellschaftsname: LC Cassetti S.r.l.Gesch\u00e4fts- und Betriebssitz: Via Toscana, 3 31045 Zona Industriale Sud Motta di Livenza TVGesch\u00e4fts- und Betriebssitz: Via Toscana, 3 31045 Zona Industriale Sud Motta di Livenza TVSteuernummer: 04594980262Umsatzsteuer-Identifikationsnummer: 04594980262REA: TV 362713 INFORMATIONSSCHRIFTEN UND EINWILLIGUNGEN DES UNTERNEHMENS LC Cassetti S.r.l. Informationsschrift des Unternehmens zur Datenverarbeitung (https:\/\/www.elleci.biz\/privacy-policy\/)Einwilligung nach Aufkl\u00e4rung des Unternehmens \u00fcber die [&hellip;]\" \/>\n<meta property=\"og:url\" content=\"https:\/\/elleci.biz\/de\/rechtliche-hinweise\/\" \/>\n<meta property=\"og:site_name\" content=\"L C Cassetti S.r.l.\" \/>\n<meta property=\"article:modified_time\" content=\"2025-06-25T13:57:20+00:00\" \/>\n<meta name=\"twitter:card\" content=\"summary_large_image\" \/>\n<meta name=\"twitter:label1\" content=\"Gesch\u00e4tzte Lesezeit\" \/>\n\t<meta name=\"twitter:data1\" content=\"2\u00a0Minuten\" \/>\n<script type=\"application\/ld+json\" class=\"yoast-schema-graph\">{\"@context\":\"https:\\\/\\\/schema.org\",\"@graph\":[{\"@type\":\"WebPage\",\"@id\":\"https:\\\/\\\/elleci.biz\\\/de\\\/rechtliche-hinweise\\\/\",\"url\":\"https:\\\/\\\/elleci.biz\\\/de\\\/rechtliche-hinweise\\\/\",\"name\":\"Rechtliche Hinweise - L C Cassetti S.r.l.\",\"isPartOf\":{\"@id\":\"https:\\\/\\\/elleci.biz\\\/de\\\/#website\"},\"datePublished\":\"2024-12-16T11:45:48+00:00\",\"dateModified\":\"2025-06-25T13:57:20+00:00\",\"breadcrumb\":{\"@id\":\"https:\\\/\\\/elleci.biz\\\/de\\\/rechtliche-hinweise\\\/#breadcrumb\"},\"inLanguage\":\"de\",\"potentialAction\":[{\"@type\":\"ReadAction\",\"target\":[\"https:\\\/\\\/elleci.biz\\\/de\\\/rechtliche-hinweise\\\/\"]}]},{\"@type\":\"BreadcrumbList\",\"@id\":\"https:\\\/\\\/elleci.biz\\\/de\\\/rechtliche-hinweise\\\/#breadcrumb\",\"itemListElement\":[{\"@type\":\"ListItem\",\"position\":1,\"name\":\"Home\",\"item\":\"https:\\\/\\\/elleci.biz\\\/de\\\/\"},{\"@type\":\"ListItem\",\"position\":2,\"name\":\"Rechtliche Hinweise\"}]},{\"@type\":\"WebSite\",\"@id\":\"https:\\\/\\\/elleci.biz\\\/de\\\/#website\",\"url\":\"https:\\\/\\\/elleci.biz\\\/de\\\/\",\"name\":\"L C Cassetti S.r.l.\",\"description\":\"\",\"publisher\":{\"@id\":\"https:\\\/\\\/elleci.biz\\\/de\\\/#organization\"},\"potentialAction\":[{\"@type\":\"SearchAction\",\"target\":{\"@type\":\"EntryPoint\",\"urlTemplate\":\"https:\\\/\\\/elleci.biz\\\/de\\\/?s={search_term_string}\"},\"query-input\":{\"@type\":\"PropertyValueSpecification\",\"valueRequired\":true,\"valueName\":\"search_term_string\"}}],\"inLanguage\":\"de\"},{\"@type\":\"Organization\",\"@id\":\"https:\\\/\\\/elleci.biz\\\/de\\\/#organization\",\"name\":\"L C Cassetti S.r.l.\",\"url\":\"https:\\\/\\\/elleci.biz\\\/de\\\/\",\"logo\":{\"@type\":\"ImageObject\",\"inLanguage\":\"de\",\"@id\":\"https:\\\/\\\/elleci.biz\\\/de\\\/#\\\/schema\\\/logo\\\/image\\\/\",\"url\":\"https:\\\/\\\/elleci.biz\\\/wp-content\\\/uploads\\\/2024\\\/12\\\/logo.png\",\"contentUrl\":\"https:\\\/\\\/elleci.biz\\\/wp-content\\\/uploads\\\/2024\\\/12\\\/logo.png\",\"width\":584,\"height\":298,\"caption\":\"L C Cassetti S.r.l.\"},\"image\":{\"@id\":\"https:\\\/\\\/elleci.biz\\\/de\\\/#\\\/schema\\\/logo\\\/image\\\/\"}}]}<\/script>\n<!-- \/ Yoast SEO plugin. -->","yoast_head_json":{"title":"Rechtliche Hinweise - L C Cassetti S.r.l.","robots":{"index":"index","follow":"nofollow","max-snippet":"max-snippet:-1","max-image-preview":"max-image-preview:large","max-video-preview":"max-video-preview:-1"},"canonical":"https:\/\/elleci.biz\/de\/rechtliche-hinweise\/","og_locale":"de_DE","og_type":"article","og_title":"Rechtliche Hinweise - L C Cassetti S.r.l.","og_description":"GESELLSCHAFTSDATEN Gesellschaftsname: LC Cassetti S.r.l.Gesch\u00e4fts- und Betriebssitz: Via Toscana, 3 31045 Zona Industriale Sud Motta di Livenza TVGesch\u00e4fts- und Betriebssitz: Via Toscana, 3 31045 Zona Industriale Sud Motta di Livenza TVSteuernummer: 04594980262Umsatzsteuer-Identifikationsnummer: 04594980262REA: TV 362713 INFORMATIONSSCHRIFTEN UND EINWILLIGUNGEN DES UNTERNEHMENS LC Cassetti S.r.l. Informationsschrift des Unternehmens zur Datenverarbeitung (https:\/\/www.elleci.biz\/privacy-policy\/)Einwilligung nach Aufkl\u00e4rung des Unternehmens \u00fcber die [&hellip;]","og_url":"https:\/\/elleci.biz\/de\/rechtliche-hinweise\/","og_site_name":"L C Cassetti S.r.l.","article_modified_time":"2025-06-25T13:57:20+00:00","twitter_card":"summary_large_image","twitter_misc":{"Gesch\u00e4tzte Lesezeit":"2\u00a0Minuten"},"schema":{"@context":"https:\/\/schema.org","@graph":[{"@type":"WebPage","@id":"https:\/\/elleci.biz\/de\/rechtliche-hinweise\/","url":"https:\/\/elleci.biz\/de\/rechtliche-hinweise\/","name":"Rechtliche Hinweise - L C Cassetti S.r.l.","isPartOf":{"@id":"https:\/\/elleci.biz\/de\/#website"},"datePublished":"2024-12-16T11:45:48+00:00","dateModified":"2025-06-25T13:57:20+00:00","breadcrumb":{"@id":"https:\/\/elleci.biz\/de\/rechtliche-hinweise\/#breadcrumb"},"inLanguage":"de","potentialAction":[{"@type":"ReadAction","target":["https:\/\/elleci.biz\/de\/rechtliche-hinweise\/"]}]},{"@type":"BreadcrumbList","@id":"https:\/\/elleci.biz\/de\/rechtliche-hinweise\/#breadcrumb","itemListElement":[{"@type":"ListItem","position":1,"name":"Home","item":"https:\/\/elleci.biz\/de\/"},{"@type":"ListItem","position":2,"name":"Rechtliche Hinweise"}]},{"@type":"WebSite","@id":"https:\/\/elleci.biz\/de\/#website","url":"https:\/\/elleci.biz\/de\/","name":"L C Cassetti S.r.l.","description":"","publisher":{"@id":"https:\/\/elleci.biz\/de\/#organization"},"potentialAction":[{"@type":"SearchAction","target":{"@type":"EntryPoint","urlTemplate":"https:\/\/elleci.biz\/de\/?s={search_term_string}"},"query-input":{"@type":"PropertyValueSpecification","valueRequired":true,"valueName":"search_term_string"}}],"inLanguage":"de"},{"@type":"Organization","@id":"https:\/\/elleci.biz\/de\/#organization","name":"L C Cassetti S.r.l.","url":"https:\/\/elleci.biz\/de\/","logo":{"@type":"ImageObject","inLanguage":"de","@id":"https:\/\/elleci.biz\/de\/#\/schema\/logo\/image\/","url":"https:\/\/elleci.biz\/wp-content\/uploads\/2024\/12\/logo.png","contentUrl":"https:\/\/elleci.biz\/wp-content\/uploads\/2024\/12\/logo.png","width":584,"height":298,"caption":"L C Cassetti S.r.l."},"image":{"@id":"https:\/\/elleci.biz\/de\/#\/schema\/logo\/image\/"}}]}},"_links":{"self":[{"href":"https:\/\/elleci.biz\/de\/wp-json\/wp\/v2\/pages\/1573","targetHints":{"allow":["GET"]}}],"collection":[{"href":"https:\/\/elleci.biz\/de\/wp-json\/wp\/v2\/pages"}],"about":[{"href":"https:\/\/elleci.biz\/de\/wp-json\/wp\/v2\/types\/page"}],"author":[{"embeddable":true,"href":"https:\/\/elleci.biz\/de\/wp-json\/wp\/v2\/users\/1"}],"replies":[{"embeddable":true,"href":"https:\/\/elleci.biz\/de\/wp-json\/wp\/v2\/comments?post=1573"}],"version-history":[{"count":6,"href":"https:\/\/elleci.biz\/de\/wp-json\/wp\/v2\/pages\/1573\/revisions"}],"predecessor-version":[{"id":2014,"href":"https:\/\/elleci.biz\/de\/wp-json\/wp\/v2\/pages\/1573\/revisions\/2014"}],"wp:attachment":[{"href":"https:\/\/elleci.biz\/de\/wp-json\/wp\/v2\/media?parent=1573"}],"curies":[{"name":"wp","href":"https:\/\/api.w.org\/{rel}","templated":true}]}}